{"id":623,"date":"2019-02-05T15:57:59","date_gmt":"2019-02-05T15:57:59","guid":{"rendered":"https:\/\/www.chartreux-club.de\/ernaehrung-erziehung-pflege\/"},"modified":"2019-07-30T08:42:48","modified_gmt":"2019-07-30T08:42:48","slug":"nutrition-education-soins-infirmiers","status":"publish","type":"page","link":"https:\/\/www.chartreux-club.de\/fr\/nutrition-education-soins-infirmiers\/","title":{"rendered":"Nutrition \/ Education \/ Soins infirmiers"},"content":{"rendered":"\n<h2>\n\t\tAlimentation\n\t<\/h2>\n\t<p>Le chat des Chartreux a bon app\u00e9tit. Il aime la viande et est un bon chasseur. Pour cette raison, il est important de lui procurer une alimentation adapt\u00e9e \u00e0 ses besoins, sur laquelle tout \u00e9leveur vous donnera des informations. Comme tous les chats, il ne supporte pas un changement radical de ses habitudes alimentaires. Chez les individus adultes et castr\u00e9s, il faudra faire particuli\u00e8rement attention \u00e0 la prise depoids, surtout s\u2019ils ont peu d\u2019exercice.<\/p>\n\t\t\t\t<img loading=\"lazy\" decoding=\"async\" src=\"https:\/\/www.chartreux-club.de\/wp-content\/uploads\/2019\/02\/cha_ernaehrung.jpg\" alt=\"Ern\u00e4hrung\" itemprop=\"image\" height=\"199\" width=\"300\" title=\"Ern\u00e4hrung\" onerror=\"this.style.display='none'\">\n<h2>\n\t\tLes soins et la sant\u00e9\n\t<\/h2>\n\t<p>Le chat de chartreux&nbsp;est&nbsp;robuste et de bonne constitution,&nbsp;&nbsp;il ne fr\u00e9quente qu&rsquo;annuellement&nbsp;le v\u00e9t\u00e9rinaire pour le rappel des vaccins. Le chat de chartreux n&rsquo;est pas frileux et aime sortir par temps froid ou de neige mais&nbsp;il a besoin d&rsquo;un endroit chaud pour dormir. Le chartreux a besoin d&rsquo;un bon brossage hebdomadaire. Il faut utiliser une brosse douce avec des&nbsp;poils naturels&nbsp;ou une brosse de massage. Le brossage est important car il permet de donner une belle texture \u00e0 la fourrure.&nbsp; Votre \u00e9leveur pourra vous apporter des renseignements compl\u00e9mentaires sur le sujet.<\/p>\n\t\t\t\t<img loading=\"lazy\" decoding=\"async\" src=\"https:\/\/www.chartreux-club.de\/wp-content\/uploads\/2019\/02\/cha_pflege_gesundheit.jpg\" alt=\"Pflege Gesundheit\" itemprop=\"image\" height=\"225\" width=\"300\" title=\"Pflege Gesundheit\" onerror=\"this.style.display='none'\">\n<h2>\n\t\tEducation\n\t<\/h2>\n\t<p>L&rsquo;\u00e9ducation commence&nbsp;d\u00e8s le plus jeune \u00e2ge chez l&rsquo;\u00e9leveur : Il est propre, a de bonnes habitudes alimentaires et&nbsp;respecte son environnement (surtout le mobilier). Il ne tient qu&rsquo;\u00e0 vous de&nbsp;veiller \u00e0 ce que le chaton garde un bon comportement.<\/p>\n<p>Votre chaton s&rsquo;adaptera rapidement \u00e0 vos habitudes et \u00e0 l&rsquo;\u00e9ducation que vous lui donnerez, cependant il ne s&rsquo;\u00e9duquera pas comme un chien. Votre chaton a besoin de rituels, d&rsquo;habitudes et de rep\u00e8res.<\/p>\n<p>Votre chaton acceptera volontiers les changements. Il a besoin de la proximit\u00e9 et de la s\u00e9curit\u00e9 de la famille et de toute l&rsquo;affection&nbsp;du ma\u00eetre&nbsp;qui choisira comme personne de r\u00e9f\u00e9rence.<\/p>\n\t\t\t\t<img loading=\"lazy\" decoding=\"async\" src=\"https:\/\/www.chartreux-club.de\/wp-content\/uploads\/2019\/02\/cha_erziehung.jpg\" alt=\"Erziehung\" itemprop=\"image\" height=\"225\" width=\"300\" title=\"Erziehung\" onerror=\"this.style.display='none'\">\n","protected":false},"excerpt":{"rendered":"<p>Alimentation Le chat des Chartreux a bon app\u00e9tit. Il aime la viande et est un bon chasseur. Pour cette raison, il est important de lui procurer une alimentation adapt\u00e9e \u00e0 ses besoins, sur laquelle tout \u00e9leveur vous donnera des informations. Comme tous les chats, il ne supporte pas un changement radical de ses habitudes alimentaires.&hellip;<\/p>\n","protected":false},"author":1,"featured_media":0,"parent":0,"menu_order":0,"comment_status":"closed","ping_status":"closed","template":"","meta":{"footnotes":""},"class_list":["post-623","page","type-page","status-publish","hentry"],"yoast_head":"<!-- This site is optimized with the Yoast SEO plugin v27.5 - https:\/\/yoast.com\/product\/yoast-seo-wordpress\/ -->\n<title>Nutrition \/ Education \/ Soins infirmiers - chartreux-club<\/title>\n<meta name=\"robots\" content=\"index, follow, max-snippet:-1, max-image-preview:large, max-video-preview:-1\" \/>\n<link rel=\"canonical\" href=\"https:\/\/www.chartreux-club.de\/fr\/nutrition-education-soins-infirmiers\/\" \/>\n<meta property=\"og:locale\" content=\"fr_FR\" \/>\n<meta property=\"og:type\" content=\"article\" \/>\n<meta property=\"og:title\" content=\"Nutrition \/ Education \/ Soins infirmiers - chartreux-club\" \/>\n<meta property=\"og:description\" content=\"Alimentation Le chat des Chartreux a bon app\u00e9tit. Il aime la viande et est un bon chasseur. Pour cette raison, il est important de lui procurer une alimentation adapt\u00e9e \u00e0 ses besoins, sur laquelle tout \u00e9leveur vous donnera des informations. Comme tous les chats, il ne supporte pas un changement radical de ses habitudes alimentaires.&hellip;\" \/>\n<meta property=\"og:url\" content=\"https:\/\/www.chartreux-club.de\/fr\/nutrition-education-soins-infirmiers\/\" \/>\n<meta property=\"og:site_name\" content=\"chartreux-club\" \/>\n<meta property=\"article:modified_time\" content=\"2019-07-30T08:42:48+00:00\" \/>\n<meta property=\"og:image\" content=\"https:\/\/www.chartreux-club.de\/wp-content\/uploads\/2019\/02\/cha_ernaehrung.jpg\" \/>\n<meta name=\"twitter:card\" content=\"summary_large_image\" \/>\n<meta name=\"twitter:label1\" content=\"Dur\u00e9e de lecture estim\u00e9e\" \/>\n\t<meta name=\"twitter:data1\" content=\"2 minutes\" \/>\n<script type=\"application\/ld+json\" class=\"yoast-schema-graph\">{\"@context\":\"https:\\\/\\\/schema.org\",\"@graph\":[{\"@type\":\"WebPage\",\"@id\":\"https:\\\/\\\/www.chartreux-club.de\\\/fr\\\/nutrition-education-soins-infirmiers\\\/\",\"url\":\"https:\\\/\\\/www.chartreux-club.de\\\/fr\\\/nutrition-education-soins-infirmiers\\\/\",\"name\":\"Nutrition \\\/ Education \\\/ Soins infirmiers - chartreux-club\",\"isPartOf\":{\"@id\":\"https:\\\/\\\/www.chartreux-club.de\\\/#website\"},\"primaryImageOfPage\":{\"@id\":\"https:\\\/\\\/www.chartreux-club.de\\\/fr\\\/nutrition-education-soins-infirmiers\\\/#primaryimage\"},\"image\":{\"@id\":\"https:\\\/\\\/www.chartreux-club.de\\\/fr\\\/nutrition-education-soins-infirmiers\\\/#primaryimage\"},\"thumbnailUrl\":\"https:\\\/\\\/www.chartreux-club.de\\\/wp-content\\\/uploads\\\/2019\\\/02\\\/cha_ernaehrung.jpg\",\"datePublished\":\"2019-02-05T15:57:59+00:00\",\"dateModified\":\"2019-07-30T08:42:48+00:00\",\"breadcrumb\":{\"@id\":\"https:\\\/\\\/www.chartreux-club.de\\\/fr\\\/nutrition-education-soins-infirmiers\\\/#breadcrumb\"},\"inLanguage\":\"fr-FR\",\"potentialAction\":[{\"@type\":\"ReadAction\",\"target\":[\"https:\\\/\\\/www.chartreux-club.de\\\/fr\\\/nutrition-education-soins-infirmiers\\\/\"]}]},{\"@type\":\"ImageObject\",\"inLanguage\":\"fr-FR\",\"@id\":\"https:\\\/\\\/www.chartreux-club.de\\\/fr\\\/nutrition-education-soins-infirmiers\\\/#primaryimage\",\"url\":\"https:\\\/\\\/www.chartreux-club.de\\\/wp-content\\\/uploads\\\/2019\\\/02\\\/cha_ernaehrung.jpg\",\"contentUrl\":\"https:\\\/\\\/www.chartreux-club.de\\\/wp-content\\\/uploads\\\/2019\\\/02\\\/cha_ernaehrung.jpg\"},{\"@type\":\"BreadcrumbList\",\"@id\":\"https:\\\/\\\/www.chartreux-club.de\\\/fr\\\/nutrition-education-soins-infirmiers\\\/#breadcrumb\",\"itemListElement\":[{\"@type\":\"ListItem\",\"position\":1,\"name\":\"Startseite\",\"item\":\"https:\\\/\\\/www.chartreux-club.de\\\/fr\\\/\"},{\"@type\":\"ListItem\",\"position\":2,\"name\":\"Nutrition \\\/ Education \\\/ Soins infirmiers\"}]},{\"@type\":\"WebSite\",\"@id\":\"https:\\\/\\\/www.chartreux-club.de\\\/#website\",\"url\":\"https:\\\/\\\/www.chartreux-club.de\\\/\",\"name\":\"chartreux-club\",\"description\":\"1. Deutsche Kart\u00e4userkatzen-CHA-Zuchtverein e.V. (1. DCHA e.V.)\",\"publisher\":{\"@id\":\"https:\\\/\\\/www.chartreux-club.de\\\/#organization\"},\"potentialAction\":[{\"@type\":\"SearchAction\",\"target\":{\"@type\":\"EntryPoint\",\"urlTemplate\":\"https:\\\/\\\/www.chartreux-club.de\\\/?s={search_term_string}\"},\"query-input\":{\"@type\":\"PropertyValueSpecification\",\"valueRequired\":true,\"valueName\":\"search_term_string\"}}],\"inLanguage\":\"fr-FR\"},{\"@type\":\"Organization\",\"@id\":\"https:\\\/\\\/www.chartreux-club.de\\\/#organization\",\"name\":\"1. Deutschen Kart\u00e4userkatzen-CHA-Zuchtverein e.V.\",\"url\":\"https:\\\/\\\/www.chartreux-club.de\\\/\",\"logo\":{\"@type\":\"ImageObject\",\"inLanguage\":\"fr-FR\",\"@id\":\"https:\\\/\\\/www.chartreux-club.de\\\/#\\\/schema\\\/logo\\\/image\\\/\",\"url\":\"https:\\\/\\\/www.chartreux-club.de\\\/wp-content\\\/uploads\\\/2019\\\/02\\\/1_DCHA.jpg\",\"contentUrl\":\"https:\\\/\\\/www.chartreux-club.de\\\/wp-content\\\/uploads\\\/2019\\\/02\\\/1_DCHA.jpg\",\"width\":180,\"height\":130,\"caption\":\"1. Deutschen Kart\u00e4userkatzen-CHA-Zuchtverein e.V.\"},\"image\":{\"@id\":\"https:\\\/\\\/www.chartreux-club.de\\\/#\\\/schema\\\/logo\\\/image\\\/\"}}]}<\/script>\n<!-- \/ Yoast SEO plugin. -->","yoast_head_json":{"title":"Nutrition \/ Education \/ Soins infirmiers - chartreux-club","robots":{"index":"index","follow":"follow","max-snippet":"max-snippet:-1","max-image-preview":"max-image-preview:large","max-video-preview":"max-video-preview:-1"},"canonical":"https:\/\/www.chartreux-club.de\/fr\/nutrition-education-soins-infirmiers\/","og_locale":"fr_FR","og_type":"article","og_title":"Nutrition \/ Education \/ Soins infirmiers - chartreux-club","og_description":"Alimentation Le chat des Chartreux a bon app\u00e9tit. Il aime la viande et est un bon chasseur. Pour cette raison, il est important de lui procurer une alimentation adapt\u00e9e \u00e0 ses besoins, sur laquelle tout \u00e9leveur vous donnera des informations. Comme tous les chats, il ne supporte pas un changement radical de ses habitudes alimentaires.&hellip;","og_url":"https:\/\/www.chartreux-club.de\/fr\/nutrition-education-soins-infirmiers\/","og_site_name":"chartreux-club","article_modified_time":"2019-07-30T08:42:48+00:00","og_image":[{"url":"https:\/\/www.chartreux-club.de\/wp-content\/uploads\/2019\/02\/cha_ernaehrung.jpg","type":"","width":"","height":""}],"twitter_card":"summary_large_image","twitter_misc":{"Dur\u00e9e de lecture estim\u00e9e":"2 minutes"},"schema":{"@context":"https:\/\/schema.org","@graph":[{"@type":"WebPage","@id":"https:\/\/www.chartreux-club.de\/fr\/nutrition-education-soins-infirmiers\/","url":"https:\/\/www.chartreux-club.de\/fr\/nutrition-education-soins-infirmiers\/","name":"Nutrition \/ Education \/ Soins infirmiers - chartreux-club","isPartOf":{"@id":"https:\/\/www.chartreux-club.de\/#website"},"primaryImageOfPage":{"@id":"https:\/\/www.chartreux-club.de\/fr\/nutrition-education-soins-infirmiers\/#primaryimage"},"image":{"@id":"https:\/\/www.chartreux-club.de\/fr\/nutrition-education-soins-infirmiers\/#primaryimage"},"thumbnailUrl":"https:\/\/www.chartreux-club.de\/wp-content\/uploads\/2019\/02\/cha_ernaehrung.jpg","datePublished":"2019-02-05T15:57:59+00:00","dateModified":"2019-07-30T08:42:48+00:00","breadcrumb":{"@id":"https:\/\/www.chartreux-club.de\/fr\/nutrition-education-soins-infirmiers\/#breadcrumb"},"inLanguage":"fr-FR","potentialAction":[{"@type":"ReadAction","target":["https:\/\/www.chartreux-club.de\/fr\/nutrition-education-soins-infirmiers\/"]}]},{"@type":"ImageObject","inLanguage":"fr-FR","@id":"https:\/\/www.chartreux-club.de\/fr\/nutrition-education-soins-infirmiers\/#primaryimage","url":"https:\/\/www.chartreux-club.de\/wp-content\/uploads\/2019\/02\/cha_ernaehrung.jpg","contentUrl":"https:\/\/www.chartreux-club.de\/wp-content\/uploads\/2019\/02\/cha_ernaehrung.jpg"},{"@type":"BreadcrumbList","@id":"https:\/\/www.chartreux-club.de\/fr\/nutrition-education-soins-infirmiers\/#breadcrumb","itemListElement":[{"@type":"ListItem","position":1,"name":"Startseite","item":"https:\/\/www.chartreux-club.de\/fr\/"},{"@type":"ListItem","position":2,"name":"Nutrition \/ Education \/ Soins infirmiers"}]},{"@type":"WebSite","@id":"https:\/\/www.chartreux-club.de\/#website","url":"https:\/\/www.chartreux-club.de\/","name":"chartreux-club","description":"1. Deutsche Kart\u00e4userkatzen-CHA-Zuchtverein e.V. (1. DCHA e.V.)","publisher":{"@id":"https:\/\/www.chartreux-club.de\/#organization"},"potentialAction":[{"@type":"SearchAction","target":{"@type":"EntryPoint","urlTemplate":"https:\/\/www.chartreux-club.de\/?s={search_term_string}"},"query-input":{"@type":"PropertyValueSpecification","valueRequired":true,"valueName":"search_term_string"}}],"inLanguage":"fr-FR"},{"@type":"Organization","@id":"https:\/\/www.chartreux-club.de\/#organization","name":"1. Deutschen Kart\u00e4userkatzen-CHA-Zuchtverein e.V.","url":"https:\/\/www.chartreux-club.de\/","logo":{"@type":"ImageObject","inLanguage":"fr-FR","@id":"https:\/\/www.chartreux-club.de\/#\/schema\/logo\/image\/","url":"https:\/\/www.chartreux-club.de\/wp-content\/uploads\/2019\/02\/1_DCHA.jpg","contentUrl":"https:\/\/www.chartreux-club.de\/wp-content\/uploads\/2019\/02\/1_DCHA.jpg","width":180,"height":130,"caption":"1. Deutschen Kart\u00e4userkatzen-CHA-Zuchtverein e.V."},"image":{"@id":"https:\/\/www.chartreux-club.de\/#\/schema\/logo\/image\/"}}]}},"_links":{"self":[{"href":"https:\/\/www.chartreux-club.de\/fr\/wp-json\/wp\/v2\/pages\/623","targetHints":{"allow":["GET"]}}],"collection":[{"href":"https:\/\/www.chartreux-club.de\/fr\/wp-json\/wp\/v2\/pages"}],"about":[{"href":"https:\/\/www.chartreux-club.de\/fr\/wp-json\/wp\/v2\/types\/page"}],"author":[{"embeddable":true,"href":"https:\/\/www.chartreux-club.de\/fr\/wp-json\/wp\/v2\/users\/1"}],"replies":[{"embeddable":true,"href":"https:\/\/www.chartreux-club.de\/fr\/wp-json\/wp\/v2\/comments?post=623"}],"version-history":[{"count":3,"href":"https:\/\/www.chartreux-club.de\/fr\/wp-json\/wp\/v2\/pages\/623\/revisions"}],"predecessor-version":[{"id":815,"href":"https:\/\/www.chartreux-club.de\/fr\/wp-json\/wp\/v2\/pages\/623\/revisions\/815"}],"wp:attachment":[{"href":"https:\/\/www.chartreux-club.de\/fr\/wp-json\/wp\/v2\/media?parent=623"}],"curies":[{"name":"wp","href":"https:\/\/api.w.org\/{rel}","templated":true}]}}