{"id":615,"date":"2019-02-05T15:57:59","date_gmt":"2019-02-05T15:57:59","guid":{"rendered":"https:\/\/www.chartreux-club.de\/die-rasse\/"},"modified":"2019-07-30T08:40:58","modified_gmt":"2019-07-30T08:40:58","slug":"caracteristiques-de-la-race","status":"publish","type":"page","link":"https:\/\/www.chartreux-club.de\/fr\/caracteristiques-de-la-race\/","title":{"rendered":"Caract\u00e9ristiques de la race"},"content":{"rendered":"\n<h2>\n\t\tDescription de la race\n\t<\/h2>\n\t<p>Le Chartreux est une race de chat domestique tr\u00e8s ancienne.<\/p>\n<p>C\u00b4est un grand chat muscl\u00e9 et r\u00e9sistant \u00e0 l&rsquo;ossature massive. Malgr\u00e9 cela, il donne une impression d&rsquo;harmonie et d&rsquo;extr\u00eame souplesse. Les males sont souvent nettement plus brands que les femelles, aussi plus lents dans leur d\u00e9veloppement. La texture du poil, sa couleur et aussi la couleur des yeux d\u00e9pendent de l&rsquo;\u00e2ge du chat. Le Chartreux-type fait preuve de force, d&rsquo;intelligence et de sociabilit\u00e9. Ces qualit\u00e9s ont permis \u00e0 la race de survivre pendant des si\u00e8cles dans des conditions souvent dures. C&rsquo;est pourquoi elles ont une absolue priorit\u00e9 dans la s\u00e9lection d&rsquo;\u00e9levage. La couleur de poil du Chartreux est toujours gris bleu uni, uniform\u00e9ment jusqu&rsquo; \u00e0 la base du poil. Cette couleur unie peut varier d&rsquo;un bleu pigeon tres clair \u00e0 un gris anthracite. La fourrure est dense, serr\u00e9e, touffue et courte. La racine de chaque poil est tres laineuse, las pointes sont soyeuses, lisses et brillantes. Cette propi\u00e9t\u00e9te conf\u00e8re \u00e0 la fourrure une densit\u00e9&nbsp; de velours et une apparence relev\u00e9e. La perte de poils est pratiquement nulle, mis \u00e0 part les p\u00e9riodes de renouvellement au printemps et en automne. Chez les jeunes animaux, an peut fr\u00e9quemment observer des rayures et des cercles dans la fourrure, qui devront avoir disparu \u00e0 I&rsquo;\u00e2ge d&rsquo;un an. La peau du nez est gris ardoise, les l\u00e8vres du chat sont gris bleu, las coussinets l\u00e9g\u00e8rement gris ardoise. La t\u00eate est grande, large et en forme de trap\u00e8ze.<\/p>\n\t\t\t\t<img loading=\"lazy\" decoding=\"async\" src=\"https:\/\/www.chartreux-club.de\/wp-content\/uploads\/2019\/02\/Uslin-1_deu-181x300.jpg\" alt=\"Uslin\" itemprop=\"image\" height=\"300\" width=\"181\" title=\"Uslin\" onerror=\"this.style.display='none'\">\n\t\t\t\t<img loading=\"lazy\" decoding=\"async\" src=\"https:\/\/www.chartreux-club.de\/wp-content\/uploads\/2019\/02\/Rose-Doree_aus_dem_Hause_Franck-2-225x300.jpg\" alt=\"Rose-Doree_aus_dem_Hause_Franck-2\" itemprop=\"image\" height=\"300\" width=\"225\" title=\"Rose-Doree_aus_dem_Hause_Franck-2\" onerror=\"this.style.display='none'\">\n\t<p>Le m\u00e2le adulte a des gros bajoues, la femelle beaucoup moins, Le museau est \u00e9troit, les vibrisses sont bien d\u00e9velopp\u00e9es. Les m\u00e2choires sont fortes, puissantes, particuli\u00e8rement chez les m\u00e2les adultes Le nez est large et droit. Le front haut se termine en un espace \u00e9troit et plat entre las oreilles. Las oreilles de tadle moyenne se dressent droites en haut de la t\u00eate et donnet \u00e0 l&rsquo;animal une expression attentive. Il se laisse tr\u00e8s bien promener en laises, ce qui lui a valu le nom de \u00ab chat-chien \u00bb. Le Chartreux a des grands yeux expressifs, pes trog ronds.La couleur des yeux est jaune \u00e0 jaune \u00ab\u00a0bouton d`or\u00a0\u00bb, orange et cuivr\u00e9 intense. Les couleurs ne doivent pes contenir de reflets d&rsquo;autres couleurs. Elles doivent toujours \u00eatre pures et intenses.Le corps est massif, mais bien proportionn\u00e9, sans jamais \u00eatre lourd. Les \u00e9paules sont grandes, larges et muscul\u00e9es.La poitrine est large, profonde et bien d\u00e9velopp\u00e9e.Le cou est court et fort.La queue est large \u00e0 la base, de longueur moyenne, et se r\u00e9tr\u00e9cit quelque peu \u00e0 la pointe.Les pattes sont de hauteur moyenne, droites, trapues et musclul\u00e9es. Les pieds sont ovales et larges.Avec toutes ces caract\u00e9ristiques, le Chartreux appara\u00eet comme un chat particuli\u00e8rement, massif et solide, avec une fourrure dense et serr\u00e9e.<\/p>\n","protected":false},"excerpt":{"rendered":"<p>Description de la race Le Chartreux est une race de chat domestique tr\u00e8s ancienne. C\u00b4est un grand chat muscl\u00e9 et r\u00e9sistant \u00e0 l&rsquo;ossature massive. Malgr\u00e9 cela, il donne une impression d&rsquo;harmonie et d&rsquo;extr\u00eame souplesse. Les males sont souvent nettement plus brands que les femelles, aussi plus lents dans leur d\u00e9veloppement. La texture du poil, sa&hellip;<\/p>\n","protected":false},"author":1,"featured_media":0,"parent":0,"menu_order":0,"comment_status":"closed","ping_status":"closed","template":"","meta":{"footnotes":""},"class_list":["post-615","page","type-page","status-publish","hentry"],"yoast_head":"<!-- This site is optimized with the Yoast SEO plugin v27.5 - https:\/\/yoast.com\/product\/yoast-seo-wordpress\/ -->\n<title>Caract\u00e9ristiques de la race - chartreux-club<\/title>\n<meta name=\"robots\" content=\"index, follow, max-snippet:-1, max-image-preview:large, max-video-preview:-1\" \/>\n<link rel=\"canonical\" href=\"https:\/\/www.chartreux-club.de\/fr\/caracteristiques-de-la-race\/\" \/>\n<meta property=\"og:locale\" content=\"fr_FR\" \/>\n<meta property=\"og:type\" content=\"article\" \/>\n<meta property=\"og:title\" content=\"Caract\u00e9ristiques de la race - chartreux-club\" \/>\n<meta property=\"og:description\" content=\"Description de la race Le Chartreux est une race de chat domestique tr\u00e8s ancienne. C\u00b4est un grand chat muscl\u00e9 et r\u00e9sistant \u00e0 l&rsquo;ossature massive. Malgr\u00e9 cela, il donne une impression d&rsquo;harmonie et d&rsquo;extr\u00eame souplesse. Les males sont souvent nettement plus brands que les femelles, aussi plus lents dans leur d\u00e9veloppement. La texture du poil, sa&hellip;\" \/>\n<meta property=\"og:url\" content=\"https:\/\/www.chartreux-club.de\/fr\/caracteristiques-de-la-race\/\" \/>\n<meta property=\"og:site_name\" content=\"chartreux-club\" \/>\n<meta property=\"article:modified_time\" content=\"2019-07-30T08:40:58+00:00\" \/>\n<meta property=\"og:image\" content=\"https:\/\/www.chartreux-club.de\/wp-content\/uploads\/2019\/02\/Uslin-1_deu-181x300.jpg\" \/>\n<meta name=\"twitter:card\" content=\"summary_large_image\" \/>\n<meta name=\"twitter:label1\" content=\"Dur\u00e9e de lecture estim\u00e9e\" \/>\n\t<meta name=\"twitter:data1\" content=\"2 minutes\" \/>\n<script type=\"application\/ld+json\" class=\"yoast-schema-graph\">{\"@context\":\"https:\\\/\\\/schema.org\",\"@graph\":[{\"@type\":\"WebPage\",\"@id\":\"https:\\\/\\\/www.chartreux-club.de\\\/fr\\\/caracteristiques-de-la-race\\\/\",\"url\":\"https:\\\/\\\/www.chartreux-club.de\\\/fr\\\/caracteristiques-de-la-race\\\/\",\"name\":\"Caract\u00e9ristiques de la race - chartreux-club\",\"isPartOf\":{\"@id\":\"https:\\\/\\\/www.chartreux-club.de\\\/#website\"},\"primaryImageOfPage\":{\"@id\":\"https:\\\/\\\/www.chartreux-club.de\\\/fr\\\/caracteristiques-de-la-race\\\/#primaryimage\"},\"image\":{\"@id\":\"https:\\\/\\\/www.chartreux-club.de\\\/fr\\\/caracteristiques-de-la-race\\\/#primaryimage\"},\"thumbnailUrl\":\"https:\\\/\\\/www.chartreux-club.de\\\/wp-content\\\/uploads\\\/2019\\\/02\\\/Uslin-1_deu-181x300.jpg\",\"datePublished\":\"2019-02-05T15:57:59+00:00\",\"dateModified\":\"2019-07-30T08:40:58+00:00\",\"breadcrumb\":{\"@id\":\"https:\\\/\\\/www.chartreux-club.de\\\/fr\\\/caracteristiques-de-la-race\\\/#breadcrumb\"},\"inLanguage\":\"fr-FR\",\"potentialAction\":[{\"@type\":\"ReadAction\",\"target\":[\"https:\\\/\\\/www.chartreux-club.de\\\/fr\\\/caracteristiques-de-la-race\\\/\"]}]},{\"@type\":\"ImageObject\",\"inLanguage\":\"fr-FR\",\"@id\":\"https:\\\/\\\/www.chartreux-club.de\\\/fr\\\/caracteristiques-de-la-race\\\/#primaryimage\",\"url\":\"https:\\\/\\\/www.chartreux-club.de\\\/wp-content\\\/uploads\\\/2019\\\/02\\\/Uslin-1_deu-181x300.jpg\",\"contentUrl\":\"https:\\\/\\\/www.chartreux-club.de\\\/wp-content\\\/uploads\\\/2019\\\/02\\\/Uslin-1_deu-181x300.jpg\"},{\"@type\":\"BreadcrumbList\",\"@id\":\"https:\\\/\\\/www.chartreux-club.de\\\/fr\\\/caracteristiques-de-la-race\\\/#breadcrumb\",\"itemListElement\":[{\"@type\":\"ListItem\",\"position\":1,\"name\":\"Startseite\",\"item\":\"https:\\\/\\\/www.chartreux-club.de\\\/fr\\\/\"},{\"@type\":\"ListItem\",\"position\":2,\"name\":\"Caract\u00e9ristiques de la race\"}]},{\"@type\":\"WebSite\",\"@id\":\"https:\\\/\\\/www.chartreux-club.de\\\/#website\",\"url\":\"https:\\\/\\\/www.chartreux-club.de\\\/\",\"name\":\"chartreux-club\",\"description\":\"1. Deutsche Kart\u00e4userkatzen-CHA-Zuchtverein e.V. (1. DCHA e.V.)\",\"publisher\":{\"@id\":\"https:\\\/\\\/www.chartreux-club.de\\\/#organization\"},\"potentialAction\":[{\"@type\":\"SearchAction\",\"target\":{\"@type\":\"EntryPoint\",\"urlTemplate\":\"https:\\\/\\\/www.chartreux-club.de\\\/?s={search_term_string}\"},\"query-input\":{\"@type\":\"PropertyValueSpecification\",\"valueRequired\":true,\"valueName\":\"search_term_string\"}}],\"inLanguage\":\"fr-FR\"},{\"@type\":\"Organization\",\"@id\":\"https:\\\/\\\/www.chartreux-club.de\\\/#organization\",\"name\":\"1. Deutschen Kart\u00e4userkatzen-CHA-Zuchtverein e.V.\",\"url\":\"https:\\\/\\\/www.chartreux-club.de\\\/\",\"logo\":{\"@type\":\"ImageObject\",\"inLanguage\":\"fr-FR\",\"@id\":\"https:\\\/\\\/www.chartreux-club.de\\\/#\\\/schema\\\/logo\\\/image\\\/\",\"url\":\"https:\\\/\\\/www.chartreux-club.de\\\/wp-content\\\/uploads\\\/2019\\\/02\\\/1_DCHA.jpg\",\"contentUrl\":\"https:\\\/\\\/www.chartreux-club.de\\\/wp-content\\\/uploads\\\/2019\\\/02\\\/1_DCHA.jpg\",\"width\":180,\"height\":130,\"caption\":\"1. Deutschen Kart\u00e4userkatzen-CHA-Zuchtverein e.V.\"},\"image\":{\"@id\":\"https:\\\/\\\/www.chartreux-club.de\\\/#\\\/schema\\\/logo\\\/image\\\/\"}}]}<\/script>\n<!-- \/ Yoast SEO plugin. -->","yoast_head_json":{"title":"Caract\u00e9ristiques de la race - chartreux-club","robots":{"index":"index","follow":"follow","max-snippet":"max-snippet:-1","max-image-preview":"max-image-preview:large","max-video-preview":"max-video-preview:-1"},"canonical":"https:\/\/www.chartreux-club.de\/fr\/caracteristiques-de-la-race\/","og_locale":"fr_FR","og_type":"article","og_title":"Caract\u00e9ristiques de la race - chartreux-club","og_description":"Description de la race Le Chartreux est une race de chat domestique tr\u00e8s ancienne. C\u00b4est un grand chat muscl\u00e9 et r\u00e9sistant \u00e0 l&rsquo;ossature massive. Malgr\u00e9 cela, il donne une impression d&rsquo;harmonie et d&rsquo;extr\u00eame souplesse. Les males sont souvent nettement plus brands que les femelles, aussi plus lents dans leur d\u00e9veloppement. La texture du poil, sa&hellip;","og_url":"https:\/\/www.chartreux-club.de\/fr\/caracteristiques-de-la-race\/","og_site_name":"chartreux-club","article_modified_time":"2019-07-30T08:40:58+00:00","og_image":[{"url":"https:\/\/www.chartreux-club.de\/wp-content\/uploads\/2019\/02\/Uslin-1_deu-181x300.jpg","type":"","width":"","height":""}],"twitter_card":"summary_large_image","twitter_misc":{"Dur\u00e9e de lecture estim\u00e9e":"2 minutes"},"schema":{"@context":"https:\/\/schema.org","@graph":[{"@type":"WebPage","@id":"https:\/\/www.chartreux-club.de\/fr\/caracteristiques-de-la-race\/","url":"https:\/\/www.chartreux-club.de\/fr\/caracteristiques-de-la-race\/","name":"Caract\u00e9ristiques de la race - chartreux-club","isPartOf":{"@id":"https:\/\/www.chartreux-club.de\/#website"},"primaryImageOfPage":{"@id":"https:\/\/www.chartreux-club.de\/fr\/caracteristiques-de-la-race\/#primaryimage"},"image":{"@id":"https:\/\/www.chartreux-club.de\/fr\/caracteristiques-de-la-race\/#primaryimage"},"thumbnailUrl":"https:\/\/www.chartreux-club.de\/wp-content\/uploads\/2019\/02\/Uslin-1_deu-181x300.jpg","datePublished":"2019-02-05T15:57:59+00:00","dateModified":"2019-07-30T08:40:58+00:00","breadcrumb":{"@id":"https:\/\/www.chartreux-club.de\/fr\/caracteristiques-de-la-race\/#breadcrumb"},"inLanguage":"fr-FR","potentialAction":[{"@type":"ReadAction","target":["https:\/\/www.chartreux-club.de\/fr\/caracteristiques-de-la-race\/"]}]},{"@type":"ImageObject","inLanguage":"fr-FR","@id":"https:\/\/www.chartreux-club.de\/fr\/caracteristiques-de-la-race\/#primaryimage","url":"https:\/\/www.chartreux-club.de\/wp-content\/uploads\/2019\/02\/Uslin-1_deu-181x300.jpg","contentUrl":"https:\/\/www.chartreux-club.de\/wp-content\/uploads\/2019\/02\/Uslin-1_deu-181x300.jpg"},{"@type":"BreadcrumbList","@id":"https:\/\/www.chartreux-club.de\/fr\/caracteristiques-de-la-race\/#breadcrumb","itemListElement":[{"@type":"ListItem","position":1,"name":"Startseite","item":"https:\/\/www.chartreux-club.de\/fr\/"},{"@type":"ListItem","position":2,"name":"Caract\u00e9ristiques de la race"}]},{"@type":"WebSite","@id":"https:\/\/www.chartreux-club.de\/#website","url":"https:\/\/www.chartreux-club.de\/","name":"chartreux-club","description":"1. Deutsche Kart\u00e4userkatzen-CHA-Zuchtverein e.V. (1. DCHA e.V.)","publisher":{"@id":"https:\/\/www.chartreux-club.de\/#organization"},"potentialAction":[{"@type":"SearchAction","target":{"@type":"EntryPoint","urlTemplate":"https:\/\/www.chartreux-club.de\/?s={search_term_string}"},"query-input":{"@type":"PropertyValueSpecification","valueRequired":true,"valueName":"search_term_string"}}],"inLanguage":"fr-FR"},{"@type":"Organization","@id":"https:\/\/www.chartreux-club.de\/#organization","name":"1. Deutschen Kart\u00e4userkatzen-CHA-Zuchtverein e.V.","url":"https:\/\/www.chartreux-club.de\/","logo":{"@type":"ImageObject","inLanguage":"fr-FR","@id":"https:\/\/www.chartreux-club.de\/#\/schema\/logo\/image\/","url":"https:\/\/www.chartreux-club.de\/wp-content\/uploads\/2019\/02\/1_DCHA.jpg","contentUrl":"https:\/\/www.chartreux-club.de\/wp-content\/uploads\/2019\/02\/1_DCHA.jpg","width":180,"height":130,"caption":"1. Deutschen Kart\u00e4userkatzen-CHA-Zuchtverein e.V."},"image":{"@id":"https:\/\/www.chartreux-club.de\/#\/schema\/logo\/image\/"}}]}},"_links":{"self":[{"href":"https:\/\/www.chartreux-club.de\/fr\/wp-json\/wp\/v2\/pages\/615","targetHints":{"allow":["GET"]}}],"collection":[{"href":"https:\/\/www.chartreux-club.de\/fr\/wp-json\/wp\/v2\/pages"}],"about":[{"href":"https:\/\/www.chartreux-club.de\/fr\/wp-json\/wp\/v2\/types\/page"}],"author":[{"embeddable":true,"href":"https:\/\/www.chartreux-club.de\/fr\/wp-json\/wp\/v2\/users\/1"}],"replies":[{"embeddable":true,"href":"https:\/\/www.chartreux-club.de\/fr\/wp-json\/wp\/v2\/comments?post=615"}],"version-history":[{"count":3,"href":"https:\/\/www.chartreux-club.de\/fr\/wp-json\/wp\/v2\/pages\/615\/revisions"}],"predecessor-version":[{"id":814,"href":"https:\/\/www.chartreux-club.de\/fr\/wp-json\/wp\/v2\/pages\/615\/revisions\/814"}],"wp:attachment":[{"href":"https:\/\/www.chartreux-club.de\/fr\/wp-json\/wp\/v2\/media?parent=615"}],"curies":[{"name":"wp","href":"https:\/\/api.w.org\/{rel}","templated":true}]}}