{"id":601,"date":"2019-02-05T15:57:59","date_gmt":"2019-02-05T15:57:59","guid":{"rendered":"https:\/\/www.chartreux-club.de\/der-charakter\/"},"modified":"2019-07-30T08:36:31","modified_gmt":"2019-07-30T08:36:31","slug":"le-caractere-du-chat","status":"publish","type":"page","link":"https:\/\/www.chartreux-club.de\/fr\/le-caractere-du-chat\/","title":{"rendered":"Le caract\u00e8re du chat"},"content":{"rendered":"\n<h2>\n\t\tCaract\u00e8re\n\t<\/h2>\n\t<p>Le chat des Chartreux est un chat calme, doux et facile \u00e0 vivre. C\u00b4est un chat qui miaule peu. Il est attach\u00e9 \u00e0 ses ma\u00eetre comme un chien.&nbsp; Il s&rsquo; adapte \u00e1 toutes les situations. C&rsquo;est un bon chat d&rsquo;appartement, mais il aime aussi faire un tour dans le jardin et attraper des souris ou des oiseaux. Le chat est sociable et s&rsquo;entend bien avec les enfants et les chiens. Il se montre ouvert vis \u00e0 vis de vos h\u00f4tes et visiteurs. S&rsquo;il doit vivre avec un autre chat, il pr\u00e9f\u00e8re la compagnie d&rsquo;une race de chat\u201a \u00e9galement calme. Il aimera vous accompagner en voyage, et il se laissera mettre un harnais sans probl\u00e8me pour faire de petites promenades avec vous.<\/p>\n\t\t\t\t<img loading=\"lazy\" decoding=\"async\" src=\"https:\/\/www.chartreux-club.de\/wp-content\/uploads\/2019\/02\/cha_charakter.jpg\" alt=\"cha_charakter\" itemprop=\"image\" height=\"200\" width=\"301\" title=\"cha_charakter\" onerror=\"this.style.display='none'\">\n","protected":false},"excerpt":{"rendered":"<p>Caract\u00e8re Le chat des Chartreux est un chat calme, doux et facile \u00e0 vivre. C\u00b4est un chat qui miaule peu. Il est attach\u00e9 \u00e0 ses ma\u00eetre comme un chien.&nbsp; Il s&rsquo; adapte \u00e1 toutes les situations. C&rsquo;est un bon chat d&rsquo;appartement, mais il aime aussi faire un tour dans le jardin et attraper des souris&hellip;<\/p>\n","protected":false},"author":1,"featured_media":0,"parent":0,"menu_order":0,"comment_status":"closed","ping_status":"closed","template":"","meta":{"footnotes":""},"class_list":["post-601","page","type-page","status-publish","hentry"],"yoast_head":"<!-- This site is optimized with the Yoast SEO plugin v27.4 - https:\/\/yoast.com\/product\/yoast-seo-wordpress\/ -->\n<title>Le caract\u00e8re du chat - chartreux-club<\/title>\n<meta name=\"robots\" content=\"index, follow, max-snippet:-1, max-image-preview:large, max-video-preview:-1\" \/>\n<link rel=\"canonical\" href=\"https:\/\/www.chartreux-club.de\/fr\/le-caractere-du-chat\/\" \/>\n<meta property=\"og:locale\" content=\"fr_FR\" \/>\n<meta property=\"og:type\" content=\"article\" \/>\n<meta property=\"og:title\" content=\"Le caract\u00e8re du chat - chartreux-club\" \/>\n<meta property=\"og:description\" content=\"Caract\u00e8re Le chat des Chartreux est un chat calme, doux et facile \u00e0 vivre. C\u00b4est un chat qui miaule peu. Il est attach\u00e9 \u00e0 ses ma\u00eetre comme un chien.&nbsp; Il s&rsquo; adapte \u00e1 toutes les situations. C&rsquo;est un bon chat d&rsquo;appartement, mais il aime aussi faire un tour dans le jardin et attraper des souris&hellip;\" \/>\n<meta property=\"og:url\" content=\"https:\/\/www.chartreux-club.de\/fr\/le-caractere-du-chat\/\" \/>\n<meta property=\"og:site_name\" content=\"chartreux-club\" \/>\n<meta property=\"article:modified_time\" content=\"2019-07-30T08:36:31+00:00\" \/>\n<meta property=\"og:image\" content=\"https:\/\/www.chartreux-club.de\/wp-content\/uploads\/2019\/02\/cha_charakter.jpg\" \/>\n<meta name=\"twitter:card\" content=\"summary_large_image\" \/>\n<meta name=\"twitter:label1\" content=\"Dur\u00e9e de lecture estim\u00e9e\" \/>\n\t<meta name=\"twitter:data1\" content=\"1 minute\" \/>\n<script type=\"application\/ld+json\" class=\"yoast-schema-graph\">{\"@context\":\"https:\\\/\\\/schema.org\",\"@graph\":[{\"@type\":\"WebPage\",\"@id\":\"https:\\\/\\\/www.chartreux-club.de\\\/fr\\\/le-caractere-du-chat\\\/\",\"url\":\"https:\\\/\\\/www.chartreux-club.de\\\/fr\\\/le-caractere-du-chat\\\/\",\"name\":\"Le caract\u00e8re du chat - chartreux-club\",\"isPartOf\":{\"@id\":\"https:\\\/\\\/www.chartreux-club.de\\\/#website\"},\"primaryImageOfPage\":{\"@id\":\"https:\\\/\\\/www.chartreux-club.de\\\/fr\\\/le-caractere-du-chat\\\/#primaryimage\"},\"image\":{\"@id\":\"https:\\\/\\\/www.chartreux-club.de\\\/fr\\\/le-caractere-du-chat\\\/#primaryimage\"},\"thumbnailUrl\":\"https:\\\/\\\/www.chartreux-club.de\\\/wp-content\\\/uploads\\\/2019\\\/02\\\/cha_charakter.jpg\",\"datePublished\":\"2019-02-05T15:57:59+00:00\",\"dateModified\":\"2019-07-30T08:36:31+00:00\",\"breadcrumb\":{\"@id\":\"https:\\\/\\\/www.chartreux-club.de\\\/fr\\\/le-caractere-du-chat\\\/#breadcrumb\"},\"inLanguage\":\"fr-FR\",\"potentialAction\":[{\"@type\":\"ReadAction\",\"target\":[\"https:\\\/\\\/www.chartreux-club.de\\\/fr\\\/le-caractere-du-chat\\\/\"]}]},{\"@type\":\"ImageObject\",\"inLanguage\":\"fr-FR\",\"@id\":\"https:\\\/\\\/www.chartreux-club.de\\\/fr\\\/le-caractere-du-chat\\\/#primaryimage\",\"url\":\"https:\\\/\\\/www.chartreux-club.de\\\/wp-content\\\/uploads\\\/2019\\\/02\\\/cha_charakter.jpg\",\"contentUrl\":\"https:\\\/\\\/www.chartreux-club.de\\\/wp-content\\\/uploads\\\/2019\\\/02\\\/cha_charakter.jpg\"},{\"@type\":\"BreadcrumbList\",\"@id\":\"https:\\\/\\\/www.chartreux-club.de\\\/fr\\\/le-caractere-du-chat\\\/#breadcrumb\",\"itemListElement\":[{\"@type\":\"ListItem\",\"position\":1,\"name\":\"Startseite\",\"item\":\"https:\\\/\\\/www.chartreux-club.de\\\/fr\\\/\"},{\"@type\":\"ListItem\",\"position\":2,\"name\":\"Le caract\u00e8re du chat\"}]},{\"@type\":\"WebSite\",\"@id\":\"https:\\\/\\\/www.chartreux-club.de\\\/#website\",\"url\":\"https:\\\/\\\/www.chartreux-club.de\\\/\",\"name\":\"chartreux-club\",\"description\":\"1. Deutsche Kart\u00e4userkatzen-CHA-Zuchtverein e.V. (1. DCHA e.V.)\",\"publisher\":{\"@id\":\"https:\\\/\\\/www.chartreux-club.de\\\/#organization\"},\"potentialAction\":[{\"@type\":\"SearchAction\",\"target\":{\"@type\":\"EntryPoint\",\"urlTemplate\":\"https:\\\/\\\/www.chartreux-club.de\\\/?s={search_term_string}\"},\"query-input\":{\"@type\":\"PropertyValueSpecification\",\"valueRequired\":true,\"valueName\":\"search_term_string\"}}],\"inLanguage\":\"fr-FR\"},{\"@type\":\"Organization\",\"@id\":\"https:\\\/\\\/www.chartreux-club.de\\\/#organization\",\"name\":\"1. Deutschen Kart\u00e4userkatzen-CHA-Zuchtverein e.V.\",\"url\":\"https:\\\/\\\/www.chartreux-club.de\\\/\",\"logo\":{\"@type\":\"ImageObject\",\"inLanguage\":\"fr-FR\",\"@id\":\"https:\\\/\\\/www.chartreux-club.de\\\/#\\\/schema\\\/logo\\\/image\\\/\",\"url\":\"https:\\\/\\\/www.chartreux-club.de\\\/wp-content\\\/uploads\\\/2019\\\/02\\\/1_DCHA.jpg\",\"contentUrl\":\"https:\\\/\\\/www.chartreux-club.de\\\/wp-content\\\/uploads\\\/2019\\\/02\\\/1_DCHA.jpg\",\"width\":180,\"height\":130,\"caption\":\"1. Deutschen Kart\u00e4userkatzen-CHA-Zuchtverein e.V.\"},\"image\":{\"@id\":\"https:\\\/\\\/www.chartreux-club.de\\\/#\\\/schema\\\/logo\\\/image\\\/\"}}]}<\/script>\n<!-- \/ Yoast SEO plugin. -->","yoast_head_json":{"title":"Le caract\u00e8re du chat - chartreux-club","robots":{"index":"index","follow":"follow","max-snippet":"max-snippet:-1","max-image-preview":"max-image-preview:large","max-video-preview":"max-video-preview:-1"},"canonical":"https:\/\/www.chartreux-club.de\/fr\/le-caractere-du-chat\/","og_locale":"fr_FR","og_type":"article","og_title":"Le caract\u00e8re du chat - chartreux-club","og_description":"Caract\u00e8re Le chat des Chartreux est un chat calme, doux et facile \u00e0 vivre. C\u00b4est un chat qui miaule peu. Il est attach\u00e9 \u00e0 ses ma\u00eetre comme un chien.&nbsp; Il s&rsquo; adapte \u00e1 toutes les situations. C&rsquo;est un bon chat d&rsquo;appartement, mais il aime aussi faire un tour dans le jardin et attraper des souris&hellip;","og_url":"https:\/\/www.chartreux-club.de\/fr\/le-caractere-du-chat\/","og_site_name":"chartreux-club","article_modified_time":"2019-07-30T08:36:31+00:00","og_image":[{"url":"https:\/\/www.chartreux-club.de\/wp-content\/uploads\/2019\/02\/cha_charakter.jpg","type":"","width":"","height":""}],"twitter_card":"summary_large_image","twitter_misc":{"Dur\u00e9e de lecture estim\u00e9e":"1 minute"},"schema":{"@context":"https:\/\/schema.org","@graph":[{"@type":"WebPage","@id":"https:\/\/www.chartreux-club.de\/fr\/le-caractere-du-chat\/","url":"https:\/\/www.chartreux-club.de\/fr\/le-caractere-du-chat\/","name":"Le caract\u00e8re du chat - chartreux-club","isPartOf":{"@id":"https:\/\/www.chartreux-club.de\/#website"},"primaryImageOfPage":{"@id":"https:\/\/www.chartreux-club.de\/fr\/le-caractere-du-chat\/#primaryimage"},"image":{"@id":"https:\/\/www.chartreux-club.de\/fr\/le-caractere-du-chat\/#primaryimage"},"thumbnailUrl":"https:\/\/www.chartreux-club.de\/wp-content\/uploads\/2019\/02\/cha_charakter.jpg","datePublished":"2019-02-05T15:57:59+00:00","dateModified":"2019-07-30T08:36:31+00:00","breadcrumb":{"@id":"https:\/\/www.chartreux-club.de\/fr\/le-caractere-du-chat\/#breadcrumb"},"inLanguage":"fr-FR","potentialAction":[{"@type":"ReadAction","target":["https:\/\/www.chartreux-club.de\/fr\/le-caractere-du-chat\/"]}]},{"@type":"ImageObject","inLanguage":"fr-FR","@id":"https:\/\/www.chartreux-club.de\/fr\/le-caractere-du-chat\/#primaryimage","url":"https:\/\/www.chartreux-club.de\/wp-content\/uploads\/2019\/02\/cha_charakter.jpg","contentUrl":"https:\/\/www.chartreux-club.de\/wp-content\/uploads\/2019\/02\/cha_charakter.jpg"},{"@type":"BreadcrumbList","@id":"https:\/\/www.chartreux-club.de\/fr\/le-caractere-du-chat\/#breadcrumb","itemListElement":[{"@type":"ListItem","position":1,"name":"Startseite","item":"https:\/\/www.chartreux-club.de\/fr\/"},{"@type":"ListItem","position":2,"name":"Le caract\u00e8re du chat"}]},{"@type":"WebSite","@id":"https:\/\/www.chartreux-club.de\/#website","url":"https:\/\/www.chartreux-club.de\/","name":"chartreux-club","description":"1. Deutsche Kart\u00e4userkatzen-CHA-Zuchtverein e.V. (1. DCHA e.V.)","publisher":{"@id":"https:\/\/www.chartreux-club.de\/#organization"},"potentialAction":[{"@type":"SearchAction","target":{"@type":"EntryPoint","urlTemplate":"https:\/\/www.chartreux-club.de\/?s={search_term_string}"},"query-input":{"@type":"PropertyValueSpecification","valueRequired":true,"valueName":"search_term_string"}}],"inLanguage":"fr-FR"},{"@type":"Organization","@id":"https:\/\/www.chartreux-club.de\/#organization","name":"1. Deutschen Kart\u00e4userkatzen-CHA-Zuchtverein e.V.","url":"https:\/\/www.chartreux-club.de\/","logo":{"@type":"ImageObject","inLanguage":"fr-FR","@id":"https:\/\/www.chartreux-club.de\/#\/schema\/logo\/image\/","url":"https:\/\/www.chartreux-club.de\/wp-content\/uploads\/2019\/02\/1_DCHA.jpg","contentUrl":"https:\/\/www.chartreux-club.de\/wp-content\/uploads\/2019\/02\/1_DCHA.jpg","width":180,"height":130,"caption":"1. Deutschen Kart\u00e4userkatzen-CHA-Zuchtverein e.V."},"image":{"@id":"https:\/\/www.chartreux-club.de\/#\/schema\/logo\/image\/"}}]}},"_links":{"self":[{"href":"https:\/\/www.chartreux-club.de\/fr\/wp-json\/wp\/v2\/pages\/601","targetHints":{"allow":["GET"]}}],"collection":[{"href":"https:\/\/www.chartreux-club.de\/fr\/wp-json\/wp\/v2\/pages"}],"about":[{"href":"https:\/\/www.chartreux-club.de\/fr\/wp-json\/wp\/v2\/types\/page"}],"author":[{"embeddable":true,"href":"https:\/\/www.chartreux-club.de\/fr\/wp-json\/wp\/v2\/users\/1"}],"replies":[{"embeddable":true,"href":"https:\/\/www.chartreux-club.de\/fr\/wp-json\/wp\/v2\/comments?post=601"}],"version-history":[{"count":3,"href":"https:\/\/www.chartreux-club.de\/fr\/wp-json\/wp\/v2\/pages\/601\/revisions"}],"predecessor-version":[{"id":811,"href":"https:\/\/www.chartreux-club.de\/fr\/wp-json\/wp\/v2\/pages\/601\/revisions\/811"}],"wp:attachment":[{"href":"https:\/\/www.chartreux-club.de\/fr\/wp-json\/wp\/v2\/media?parent=601"}],"curies":[{"name":"wp","href":"https:\/\/api.w.org\/{rel}","templated":true}]}}