{"id":576,"date":"2019-02-06T10:06:19","date_gmt":"2019-02-06T10:06:19","guid":{"rendered":"https:\/\/www.chartreux-club.de\/standard-fife\/"},"modified":"2019-07-29T13:32:54","modified_gmt":"2019-07-29T13:32:54","slug":"standard-fife","status":"publish","type":"page","link":"https:\/\/www.chartreux-club.de\/fr\/standard-fife\/","title":{"rendered":"Standard (FIFE)"},"content":{"rendered":"\n\t<h2><u><b>Standard officiel de Chat des Chartreux (FIFE)<\/b><\/u><\/h2>\n<p>&nbsp;<\/p>\n<table width=\"100%\" border=\"1\">\n<tbody>\n<tr>\n<td rowspan=\"2\" width=\"100\"><strong>G\u00e9n\u00e9ral<\/strong><\/td>\n<td width=\"83\">&nbsp;<\/td>\n<td width=\"443\">les Chat des Chartreux doivent \u00eatre diff\u00e9renci\u00e9s clairement des British Shorthair Blue (BRIa) et des Bleu Russe (RUS). Des croisements entre le Chartreux et ces deux courses sont ind\u00e9sirables.<\/td>\n<\/tr>\n<tr>\n<td width=\"83\">Dimension<\/td>\n<td width=\"443\">moyen grand<\/td>\n<\/tr>\n<tr>\n<td colspan=\"3\" width=\"650\">&nbsp;<\/td>\n<\/tr>\n<tr>\n<td rowspan=\"3\" width=\"100\"><strong>T\u00eate<\/strong><\/td>\n<td width=\"83\">Forme\/joues<\/td>\n<td width=\"443\">la t\u00eate est large \u00e0 la base; cr\u00e2ne bien d\u00e9velopp\u00e9, pas non vo\u00fbt\u00e9, avec l&rsquo;\u00e9cart plat \u00e9troit entre les oreilles. Les joues donnent largement \u00e0 la base, en haut \u00e0 la t\u00eate la forme un trap\u00e8ze retourn\u00e9.<\/td>\n<\/tr>\n<tr>\n<td width=\"83\">Nez<\/td>\n<td width=\"443\">largement et justement<\/td>\n<\/tr>\n<tr>\n<td width=\"83\">L\u00e8vre<\/td>\n<td width=\"443\">la fin de la l\u00e8vre peut d\u00e9passer entre cela de joues.<\/td>\n<\/tr>\n<tr>\n<td colspan=\"3\" width=\"650\">&nbsp;<\/td>\n<\/tr>\n<tr>\n<td rowspan=\"2\" width=\"100\"><strong>Oreilles<\/strong><\/td>\n<td width=\"83\">Forme<\/td>\n<td width=\"443\">moyen grand<\/td>\n<\/tr>\n<tr>\n<td width=\"83\">Placement<\/td>\n<td width=\"443\">haut au cr\u00e2ne \u00e9tant assis, de sorte que le chat donne une impression r\u00e9veill\u00e9e, facilement \u00e0 l&rsquo;ext\u00e9rieur coulant.<\/td>\n<\/tr>\n<tr>\n<td colspan=\"3\" width=\"650\">&nbsp;<\/td>\n<\/tr>\n<tr>\n<td rowspan=\"2\" width=\"100\"><strong>Yeux<\/strong><\/td>\n<td width=\"83\">Forme<\/td>\n<td width=\"443\">grandement et franchement, environ, le bord d&rsquo;oeil ext\u00e9rieur n&rsquo;est pas trop tir\u00e9 facilement vers le haut.<\/td>\n<\/tr>\n<tr>\n<td width=\"83\">Couleur<\/td>\n<td width=\"443\">de fa\u00e7on vivante, de fonc\u00e9 jaune cuivre fonc\u00e9, pas de trace verts, pas de couleur aqueuse et c.-\u00e0-d. p\u00e2le. La couleur doit \u00eatre pure; la couleur la plus intensive est pr\u00e9f\u00e9r\u00e9e.<\/td>\n<\/tr>\n<tr>\n<td colspan=\"3\" width=\"650\">&nbsp;<\/td>\n<\/tr>\n<tr>\n<td width=\"100\"><strong>Corps<\/strong><\/td>\n<td width=\"83\">Strukture<\/td>\n<td width=\"443\">fortement, solidement, muscul\u00e9, largeur, a bien d\u00e9velopp\u00e9 la poitrine. Le Chartreux, surtout les m\u00e2les, doit agir toujours fortement en comparaison de la dimension.<\/td>\n<\/tr>\n<tr>\n<td colspan=\"3\" width=\"650\">&nbsp;<\/td>\n<\/tr>\n<tr>\n<td rowspan=\"2\" width=\"100\"><strong>Jambes<\/strong><\/td>\n<td width=\"83\">&nbsp;<\/td>\n<td width=\"443\">longue, dans une portion de pour au corps, avec des muscles forts, pas trop haut, dans une portion de pour au corps, avec des muscles forts.<\/td>\n<\/tr>\n<tr>\n<td width=\"83\">Pattes<\/td>\n<td width=\"443\">grandement, largement<\/td>\n<\/tr>\n<tr>\n<td colspan=\"3\" width=\"650\">&nbsp;<\/td>\n<\/tr>\n<tr>\n<td width=\"98\"><strong>Queue<\/strong><\/td>\n<td width=\"97\">&nbsp;<\/td>\n<td width=\"443\">longtemps, dans une portion de pour au corps, la queue peut approcher l\u00e9g\u00e8rement plus mince, la fin doit toutefois sous sa forme \u00eatre arrondie, la m\u00eame couleur que le corps.<\/td>\n<\/tr>\n<tr>\n<td colspan=\"3\" width=\"650\">&nbsp;<\/td>\n<\/tr>\n<tr>\n<td rowspan=\"2\" width=\"100\"><strong>Robe<\/strong><\/td>\n<td width=\"83\">Structure<\/td>\n<td width=\"443\">brillamment, \u00e9troitement, le poil \u00e0 la base facilement laineure et g\u00e9n\u00e9reusement dans la stature, poil double, avec laquelle les cheveux \u00ab\u00a0sont\u00a0\u00bb.<\/td>\n<\/tr>\n<tr>\n<td width=\"83\">Couleur<\/td>\n<td width=\"443\">allant toutes les ombres bleus, de lumineux bleu jusqu&rsquo;\u00e0 plus fonc\u00e9 bleu, \u00eatre permis. L&rsquo;uniformit\u00e9 dans la couleur est n\u00e9cessaire.<\/td>\n<\/tr>\n<tr>\n<td colspan=\"3\" width=\"650\">&nbsp;<\/td>\n<\/tr>\n<tr>\n<td width=\"100\"><strong>Miroir de nez\/paquets de pied<\/strong><\/td>\n<td width=\"83\">&nbsp;<\/td>\n<td width=\"443\">bleu gris<\/td>\n<\/tr>\n<tr>\n<td colspan=\"3\" width=\"650\">&nbsp;<\/td>\n<\/tr>\n<tr>\n<td width=\"100\"><strong>Remarques<\/strong><\/td>\n<td width=\"83\">&nbsp;<\/td>\n<td width=\"443\">joues bien d\u00e9velopp\u00e9es avec le m\u00e2le adulte, qui avec le chat moins dans appara\u00eetre faire un pas. Entre e m\u00e2le et le femelle une diff\u00e9rence consid\u00e9rable r\u00e9ussit, le femelle est clairement plus petite que le m\u00e2le, a une poitrine plus \u00e9troite et des joues pas aussi prononc\u00e9es que le m\u00e2le. Elle devrait \u00eatre toutefois durable et bonne muscul\u00e9e.<\/td>\n<\/tr>\n<tr>\n<td colspan=\"3\" width=\"650\">&nbsp;<\/td>\n<\/tr>\n<tr>\n<td rowspan=\"3\" width=\"100\"><strong>Refus<\/strong><\/td>\n<td width=\"83\">Ney<\/td>\n<td width=\"443\">nez vo\u00fbt\u00e9 vers le haut<\/td>\n<\/tr>\n<tr>\n<td width=\"83\">Yeux<\/td>\n<td width=\"443\">traces verts, argile aqueuse de la couleur d&rsquo;oeil<\/td>\n<\/tr>\n<tr>\n<td width=\"83\">Robe<\/td>\n<td width=\"443\">traces verts, argile aqueuse de la couleur d&rsquo;oeil<\/td>\n<\/tr>\n<\/tbody>\n<\/table>\n<p>&nbsp;<\/p>\n<hr \/>\n\t<h2><u><b>L&rsquo;\u00e9chelle marque<\/b><\/u><\/h2>\n<table width=\"100%\" border=\"1\">\n<tbody>\n<tr>\n<td colspan=\"2\" width=\"586\">Complete<\/td>\n<td width=\"74\">100 points<\/td>\n<\/tr>\n<tr>\n<td width=\"91\"><strong>T\u00eate<\/strong><\/td>\n<td width=\"483\">forme, nez, m\u00e2choir g\u00e9n\u00e9raux et dentition, front, menton placement et forme des oreilles forme et dimension des yeux<\/td>\n<td width=\"74\">25\u00a0points<\/td>\n<\/tr>\n<tr>\n<td width=\"91\"><strong>Yeux<\/strong><\/td>\n<td width=\"483\">&nbsp;<\/td>\n<td width=\"74\">10\u00a0points<\/td>\n<\/tr>\n<tr>\n<td width=\"91\"><strong>Corps<\/strong><\/td>\n<td width=\"483\">construction de corps, dimension, construction d&rsquo;os forme des jambes et des pattes<\/td>\n<td width=\"74\">25\u00a0points<\/td>\n<\/tr>\n<tr>\n<td width=\"91\"><strong>Queue<\/strong><\/td>\n<td width=\"483\">longueur et forme<\/td>\n<td width=\"74\">10\u00a0points<\/td>\n<\/tr>\n<tr>\n<td width=\"91\"><strong>Robe<\/strong><\/td>\n<td width=\"483\">couleur qualit\u00e9 et texture, longueur<\/td>\n<td width=\"74\">25\u00a0points<\/td>\n<\/tr>\n<tr>\n<td width=\"91\"><strong>Condition<\/strong><\/td>\n<td width=\"483\">&nbsp;<\/td>\n<td width=\"74\">5\u00a0\u00a0\u00a0points<\/td>\n<\/tr>\n<\/tbody>\n<\/table>\n","protected":false},"excerpt":{"rendered":"<p>Standard officiel de Chat des Chartreux (FIFE) &nbsp; G\u00e9n\u00e9ral &nbsp; les Chat des Chartreux doivent \u00eatre diff\u00e9renci\u00e9s clairement des British Shorthair Blue (BRIa) et des Bleu Russe (RUS). Des croisements entre le Chartreux et ces deux courses sont ind\u00e9sirables. Dimension moyen grand &nbsp; T\u00eate Forme\/joues la t\u00eate est large \u00e0 la base; cr\u00e2ne bien d\u00e9velopp\u00e9,&hellip;<\/p>\n","protected":false},"author":1,"featured_media":0,"parent":0,"menu_order":0,"comment_status":"closed","ping_status":"closed","template":"","meta":{"footnotes":""},"class_list":["post-576","page","type-page","status-publish","hentry"],"yoast_head":"<!-- This site is optimized with the Yoast SEO plugin v27.4 - https:\/\/yoast.com\/product\/yoast-seo-wordpress\/ -->\n<title>Standard (FIFE) - chartreux-club<\/title>\n<meta name=\"robots\" content=\"index, follow, max-snippet:-1, max-image-preview:large, max-video-preview:-1\" \/>\n<link rel=\"canonical\" href=\"https:\/\/www.chartreux-club.de\/fr\/standard-fife\/\" \/>\n<meta property=\"og:locale\" content=\"fr_FR\" \/>\n<meta property=\"og:type\" content=\"article\" \/>\n<meta property=\"og:title\" content=\"Standard (FIFE) - chartreux-club\" \/>\n<meta property=\"og:description\" content=\"Standard officiel de Chat des Chartreux (FIFE) &nbsp; G\u00e9n\u00e9ral &nbsp; les Chat des Chartreux doivent \u00eatre diff\u00e9renci\u00e9s clairement des British Shorthair Blue (BRIa) et des Bleu Russe (RUS). Des croisements entre le Chartreux et ces deux courses sont ind\u00e9sirables. Dimension moyen grand &nbsp; T\u00eate Forme\/joues la t\u00eate est large \u00e0 la base; cr\u00e2ne bien d\u00e9velopp\u00e9,&hellip;\" \/>\n<meta property=\"og:url\" content=\"https:\/\/www.chartreux-club.de\/fr\/standard-fife\/\" \/>\n<meta property=\"og:site_name\" content=\"chartreux-club\" \/>\n<meta property=\"article:modified_time\" content=\"2019-07-29T13:32:54+00:00\" \/>\n<meta name=\"twitter:card\" content=\"summary_large_image\" \/>\n<meta name=\"twitter:label1\" content=\"Dur\u00e9e de lecture estim\u00e9e\" \/>\n\t<meta name=\"twitter:data1\" content=\"3 minutes\" \/>\n<script type=\"application\/ld+json\" class=\"yoast-schema-graph\">{\"@context\":\"https:\\\/\\\/schema.org\",\"@graph\":[{\"@type\":\"WebPage\",\"@id\":\"https:\\\/\\\/www.chartreux-club.de\\\/fr\\\/standard-fife\\\/\",\"url\":\"https:\\\/\\\/www.chartreux-club.de\\\/fr\\\/standard-fife\\\/\",\"name\":\"Standard (FIFE) - chartreux-club\",\"isPartOf\":{\"@id\":\"https:\\\/\\\/www.chartreux-club.de\\\/#website\"},\"datePublished\":\"2019-02-06T10:06:19+00:00\",\"dateModified\":\"2019-07-29T13:32:54+00:00\",\"breadcrumb\":{\"@id\":\"https:\\\/\\\/www.chartreux-club.de\\\/fr\\\/standard-fife\\\/#breadcrumb\"},\"inLanguage\":\"fr-FR\",\"potentialAction\":[{\"@type\":\"ReadAction\",\"target\":[\"https:\\\/\\\/www.chartreux-club.de\\\/fr\\\/standard-fife\\\/\"]}]},{\"@type\":\"BreadcrumbList\",\"@id\":\"https:\\\/\\\/www.chartreux-club.de\\\/fr\\\/standard-fife\\\/#breadcrumb\",\"itemListElement\":[{\"@type\":\"ListItem\",\"position\":1,\"name\":\"Startseite\",\"item\":\"https:\\\/\\\/www.chartreux-club.de\\\/fr\\\/\"},{\"@type\":\"ListItem\",\"position\":2,\"name\":\"Standard (FIFE)\"}]},{\"@type\":\"WebSite\",\"@id\":\"https:\\\/\\\/www.chartreux-club.de\\\/#website\",\"url\":\"https:\\\/\\\/www.chartreux-club.de\\\/\",\"name\":\"chartreux-club\",\"description\":\"1. Deutsche Kart\u00e4userkatzen-CHA-Zuchtverein e.V. (1. DCHA e.V.)\",\"publisher\":{\"@id\":\"https:\\\/\\\/www.chartreux-club.de\\\/#organization\"},\"potentialAction\":[{\"@type\":\"SearchAction\",\"target\":{\"@type\":\"EntryPoint\",\"urlTemplate\":\"https:\\\/\\\/www.chartreux-club.de\\\/?s={search_term_string}\"},\"query-input\":{\"@type\":\"PropertyValueSpecification\",\"valueRequired\":true,\"valueName\":\"search_term_string\"}}],\"inLanguage\":\"fr-FR\"},{\"@type\":\"Organization\",\"@id\":\"https:\\\/\\\/www.chartreux-club.de\\\/#organization\",\"name\":\"1. Deutschen Kart\u00e4userkatzen-CHA-Zuchtverein e.V.\",\"url\":\"https:\\\/\\\/www.chartreux-club.de\\\/\",\"logo\":{\"@type\":\"ImageObject\",\"inLanguage\":\"fr-FR\",\"@id\":\"https:\\\/\\\/www.chartreux-club.de\\\/#\\\/schema\\\/logo\\\/image\\\/\",\"url\":\"https:\\\/\\\/www.chartreux-club.de\\\/wp-content\\\/uploads\\\/2019\\\/02\\\/1_DCHA.jpg\",\"contentUrl\":\"https:\\\/\\\/www.chartreux-club.de\\\/wp-content\\\/uploads\\\/2019\\\/02\\\/1_DCHA.jpg\",\"width\":180,\"height\":130,\"caption\":\"1. Deutschen Kart\u00e4userkatzen-CHA-Zuchtverein e.V.\"},\"image\":{\"@id\":\"https:\\\/\\\/www.chartreux-club.de\\\/#\\\/schema\\\/logo\\\/image\\\/\"}}]}<\/script>\n<!-- \/ Yoast SEO plugin. -->","yoast_head_json":{"title":"Standard (FIFE) - chartreux-club","robots":{"index":"index","follow":"follow","max-snippet":"max-snippet:-1","max-image-preview":"max-image-preview:large","max-video-preview":"max-video-preview:-1"},"canonical":"https:\/\/www.chartreux-club.de\/fr\/standard-fife\/","og_locale":"fr_FR","og_type":"article","og_title":"Standard (FIFE) - chartreux-club","og_description":"Standard officiel de Chat des Chartreux (FIFE) &nbsp; G\u00e9n\u00e9ral &nbsp; les Chat des Chartreux doivent \u00eatre diff\u00e9renci\u00e9s clairement des British Shorthair Blue (BRIa) et des Bleu Russe (RUS). Des croisements entre le Chartreux et ces deux courses sont ind\u00e9sirables. Dimension moyen grand &nbsp; T\u00eate Forme\/joues la t\u00eate est large \u00e0 la base; cr\u00e2ne bien d\u00e9velopp\u00e9,&hellip;","og_url":"https:\/\/www.chartreux-club.de\/fr\/standard-fife\/","og_site_name":"chartreux-club","article_modified_time":"2019-07-29T13:32:54+00:00","twitter_card":"summary_large_image","twitter_misc":{"Dur\u00e9e de lecture estim\u00e9e":"3 minutes"},"schema":{"@context":"https:\/\/schema.org","@graph":[{"@type":"WebPage","@id":"https:\/\/www.chartreux-club.de\/fr\/standard-fife\/","url":"https:\/\/www.chartreux-club.de\/fr\/standard-fife\/","name":"Standard (FIFE) - chartreux-club","isPartOf":{"@id":"https:\/\/www.chartreux-club.de\/#website"},"datePublished":"2019-02-06T10:06:19+00:00","dateModified":"2019-07-29T13:32:54+00:00","breadcrumb":{"@id":"https:\/\/www.chartreux-club.de\/fr\/standard-fife\/#breadcrumb"},"inLanguage":"fr-FR","potentialAction":[{"@type":"ReadAction","target":["https:\/\/www.chartreux-club.de\/fr\/standard-fife\/"]}]},{"@type":"BreadcrumbList","@id":"https:\/\/www.chartreux-club.de\/fr\/standard-fife\/#breadcrumb","itemListElement":[{"@type":"ListItem","position":1,"name":"Startseite","item":"https:\/\/www.chartreux-club.de\/fr\/"},{"@type":"ListItem","position":2,"name":"Standard (FIFE)"}]},{"@type":"WebSite","@id":"https:\/\/www.chartreux-club.de\/#website","url":"https:\/\/www.chartreux-club.de\/","name":"chartreux-club","description":"1. Deutsche Kart\u00e4userkatzen-CHA-Zuchtverein e.V. (1. DCHA e.V.)","publisher":{"@id":"https:\/\/www.chartreux-club.de\/#organization"},"potentialAction":[{"@type":"SearchAction","target":{"@type":"EntryPoint","urlTemplate":"https:\/\/www.chartreux-club.de\/?s={search_term_string}"},"query-input":{"@type":"PropertyValueSpecification","valueRequired":true,"valueName":"search_term_string"}}],"inLanguage":"fr-FR"},{"@type":"Organization","@id":"https:\/\/www.chartreux-club.de\/#organization","name":"1. Deutschen Kart\u00e4userkatzen-CHA-Zuchtverein e.V.","url":"https:\/\/www.chartreux-club.de\/","logo":{"@type":"ImageObject","inLanguage":"fr-FR","@id":"https:\/\/www.chartreux-club.de\/#\/schema\/logo\/image\/","url":"https:\/\/www.chartreux-club.de\/wp-content\/uploads\/2019\/02\/1_DCHA.jpg","contentUrl":"https:\/\/www.chartreux-club.de\/wp-content\/uploads\/2019\/02\/1_DCHA.jpg","width":180,"height":130,"caption":"1. Deutschen Kart\u00e4userkatzen-CHA-Zuchtverein e.V."},"image":{"@id":"https:\/\/www.chartreux-club.de\/#\/schema\/logo\/image\/"}}]}},"_links":{"self":[{"href":"https:\/\/www.chartreux-club.de\/fr\/wp-json\/wp\/v2\/pages\/576","targetHints":{"allow":["GET"]}}],"collection":[{"href":"https:\/\/www.chartreux-club.de\/fr\/wp-json\/wp\/v2\/pages"}],"about":[{"href":"https:\/\/www.chartreux-club.de\/fr\/wp-json\/wp\/v2\/types\/page"}],"author":[{"embeddable":true,"href":"https:\/\/www.chartreux-club.de\/fr\/wp-json\/wp\/v2\/users\/1"}],"replies":[{"embeddable":true,"href":"https:\/\/www.chartreux-club.de\/fr\/wp-json\/wp\/v2\/comments?post=576"}],"version-history":[{"count":1,"href":"https:\/\/www.chartreux-club.de\/fr\/wp-json\/wp\/v2\/pages\/576\/revisions"}],"predecessor-version":[{"id":787,"href":"https:\/\/www.chartreux-club.de\/fr\/wp-json\/wp\/v2\/pages\/576\/revisions\/787"}],"wp:attachment":[{"href":"https:\/\/www.chartreux-club.de\/fr\/wp-json\/wp\/v2\/media?parent=576"}],"curies":[{"name":"wp","href":"https:\/\/api.w.org\/{rel}","templated":true}]}}