{"id":528,"date":"2019-02-06T11:31:19","date_gmt":"2019-02-06T11:31:19","guid":{"rendered":"https:\/\/www.chartreux-club.de\/?page_id=528"},"modified":"2022-05-19T10:09:59","modified_gmt":"2022-05-19T10:09:59","slug":"chatons-disponibles","status":"publish","type":"page","link":"https:\/\/www.chartreux-club.de\/fr\/chatons-disponibles\/","title":{"rendered":"Chatons disponibles"},"content":{"rendered":"\n<h2>\n\t\tChatons disponibles\n\t<\/h2>\n\tS&rsquo;il vous pla\u00eet contactez-nous pour \u00eatre pr\u00e8s de chez vous ou appelez le bureau de la 1\u00e8re DCHA e.V., Tel .: 06123-63994.<br \/>\nLes port\u00e9es et les juv\u00e9niles actuels proviennent des \u00e9leveurs suivants:<br \/>\n(tri\u00e9 par code postal)\n\t\t\t\t<img loading=\"lazy\" decoding=\"async\" src=\"https:\/\/www.chartreux-club.de\/wp-content\/uploads\/2019\/02\/Topf_sm-120x150.jpg\" alt=\"Topf\" itemprop=\"image\" height=\"150\" width=\"120\" title=\"Topf\" onerror=\"this.style.display='none'\"  \/>\n<h4>\u00e9leveur<\/h4>\t\t\n\t\t\tPhilipp Topf<br \/>\n\u00ab\u00a0Von Topping\u00a0\u00bb<br \/>\nMeilitzerstr. 7<br \/>\n07806 Neustadt\/Orla<br \/>\nMobil: 0152 07121357<br \/>\n<a href=\"mailto:philip_topf@web.de\">philipp_topf@web.de<\/a><br \/>\n<a href=\"http:\/\/www.chartreux-von-topping.webnode.com\" target=\"_blank\" rel=\"noopener\">www.chartreux-von-topping.webnode.com<\/a>\n\t\t\t\t<img loading=\"lazy\" decoding=\"async\" src=\"https:\/\/www.chartreux-club.de\/wp-content\/uploads\/2019\/02\/Ramos_Berdan_kl-150x150.jpg\" alt=\"Ramos_Berdan\" itemprop=\"image\" height=\"150\" width=\"150\" title=\"Ramos_Berdan\" onerror=\"this.style.display='none'\"  \/>\n<h4>\u00e9leveur<\/h4>\t\t\n\t\t\tVioletta Berdan<br \/>\n\u00ab\u00a0Vom Ch\u00e2teau Berdan\u00a0\u00bb<br \/>\nRasenweg 27<br \/>\n34323 Malsfeld\/Elfershausen<br \/>\nMobil: 0151 &#8211; 14238730<br \/>\nviolettaberdan@t-online.de<br \/>\n<a href=\"http:\/\/www.kartaeuser-chartreux-berdan.de\/\" target=\"_blank\" rel=\"noopener\">www.kartaeuser-chartreux-berdan.de<\/a>\n\t\t\t\t<img loading=\"lazy\" decoding=\"async\" src=\"https:\/\/www.chartreux-club.de\/wp-content\/uploads\/2019\/02\/Verlaine_du_Lucius_1_sm.jpg\" alt=\"EC. Verlaine du Lucius\" itemprop=\"image\" height=\"160\" width=\"135\" title=\"EC. Verlaine du Lucius\" onerror=\"this.style.display='none'\"  \/>\n<h4>\u00e9leveur<\/h4>\t\t\n\t\t\tBrigitte Franck<br \/>\n\u00ab\u00a0Aus dem Hause Franck\u00a0\u00bb<br \/>\nGr\u00e4fenbergstra\u00dfe 6<br \/>\n65399 Kiedrich\/Rheingau<br \/>\nTel.: 06123-63994<br \/>\nFax.: 06123-904932<br \/>\n<a href=\"mailto:info@chartreux-club.de\">info@chartreux-club.de<\/a><br \/>\n<a href=\"http:\/\/www.chartreux-allemand.de\" target=\"_blank\" rel=\"noopener\">www.chartreux-allemand.de<\/a>\n<p><strong>Nous avons actuellement des chatons \u00e0 vendre<\/strong><\/p>\n\t\t\t\t<img loading=\"lazy\" decoding=\"async\" src=\"https:\/\/www.chartreux-club.de\/wp-content\/uploads\/2019\/02\/Kronos-v.-Lauerhof_sm.jpg\" alt=\"Kronos v. Lauerhof_sm\" itemprop=\"image\" height=\"160\" width=\"120\" title=\"Kronos v. Lauerhof_sm\" onerror=\"this.style.display='none'\"  \/>\n<h4>\u00e9leveur<\/h4>\t\t\n\t\t\tWeronika Gujo<br \/>\n\u00ab\u00a0Vom Neckar\u00a0\u00bb<br \/>\nAm B\u00e4chenbuckel 22<br \/>\n69118 Heidelberg-Ziegelhausen<br \/>\nTel.: 06221 &#8211; 335766<br \/>\nMobil: 0173 &#8211; 4240525<br \/>\n<a href=\"mailto:chartreux.vom.neckar@gmail.com\">chartreux.vom.neckar@gmail.com<\/a><br \/>\n<a href=\"http:\/\/www.chartreux-vom-neckar.jimdo.com\/\" target=\"_blank\" rel=\"noopener\">www.chartreux-vom-neckar.jimdo.com<\/a>\n\t\t\t\t<img loading=\"lazy\" decoding=\"async\" src=\"https:\/\/www.chartreux-club.de\/wp-content\/uploads\/2019\/02\/Haber_small-150x120.jpg\" alt=\"Haber\" itemprop=\"image\" height=\"120\" width=\"150\" title=\"Haber\" onerror=\"this.style.display='none'\"  \/>\n<h4>\u00e9leveur<\/h4>\t\t\n\t\t\tMarina Haber<br \/>\n\u00ab\u00a0Von der Singold\u00a0\u00bb<br \/>\nGreiselstra\u00dfe 34<br \/>\n86399 Bobingen<br \/>\nTel.: 08234 &#8211; 5185<br \/>\n<a href=\"mailto:mhaber@gmx.de\">mhaber@gmx.de<\/a><br \/>\n<a href=\"http:\/\/www.kartaeuser-katzen.eu\" target=\"_blank\" rel=\"noopener\">www.kartaeuser-katzen.eu<\/a>\n\n","protected":false},"excerpt":{"rendered":"<p>Chatons disponibles S&rsquo;il vous pla\u00eet contactez-nous pour \u00eatre pr\u00e8s de chez vous ou appelez le bureau de la 1\u00e8re DCHA e.V., Tel .: 06123-63994. Les port\u00e9es et les juv\u00e9niles actuels proviennent des \u00e9leveurs suivants: (tri\u00e9 par code postal) \u00e9leveur Philipp Topf \u00ab\u00a0Von Topping\u00a0\u00bb Meilitzerstr. 7 07806 Neustadt\/Orla Mobil: 0152 07121357 philipp_topf@web.de www.chartreux-von-topping.webnode.com \u00e9leveur Violetta Berdan&hellip;<\/p>\n","protected":false},"author":1,"featured_media":0,"parent":0,"menu_order":0,"comment_status":"closed","ping_status":"closed","template":"","meta":{"footnotes":""},"class_list":["post-528","page","type-page","status-publish","hentry"],"yoast_head":"<!-- This site is optimized with the Yoast SEO plugin v27.4 - https:\/\/yoast.com\/product\/yoast-seo-wordpress\/ -->\n<title>Chatons disponibles - chartreux-club<\/title>\n<meta name=\"robots\" content=\"index, follow, max-snippet:-1, max-image-preview:large, max-video-preview:-1\" \/>\n<link rel=\"canonical\" href=\"https:\/\/www.chartreux-club.de\/fr\/chatons-disponibles\/\" \/>\n<meta property=\"og:locale\" content=\"fr_FR\" \/>\n<meta property=\"og:type\" content=\"article\" \/>\n<meta property=\"og:title\" content=\"Chatons disponibles - chartreux-club\" \/>\n<meta property=\"og:description\" content=\"Chatons disponibles S&rsquo;il vous pla\u00eet contactez-nous pour \u00eatre pr\u00e8s de chez vous ou appelez le bureau de la 1\u00e8re DCHA e.V., Tel .: 06123-63994. Les port\u00e9es et les juv\u00e9niles actuels proviennent des \u00e9leveurs suivants: (tri\u00e9 par code postal) \u00e9leveur Philipp Topf \u00ab\u00a0Von Topping\u00a0\u00bb Meilitzerstr. 7 07806 Neustadt\/Orla Mobil: 0152 07121357 philipp_topf@web.de www.chartreux-von-topping.webnode.com \u00e9leveur Violetta Berdan&hellip;\" \/>\n<meta property=\"og:url\" content=\"https:\/\/www.chartreux-club.de\/fr\/chatons-disponibles\/\" \/>\n<meta property=\"og:site_name\" content=\"chartreux-club\" \/>\n<meta property=\"article:modified_time\" content=\"2022-05-19T10:09:59+00:00\" \/>\n<meta property=\"og:image\" content=\"https:\/\/www.chartreux-club.de\/wp-content\/uploads\/2019\/02\/Topf_sm-120x150.jpg\" \/>\n<meta name=\"twitter:card\" content=\"summary_large_image\" \/>\n<meta name=\"twitter:label1\" content=\"Dur\u00e9e de lecture estim\u00e9e\" \/>\n\t<meta name=\"twitter:data1\" content=\"1 minute\" \/>\n<script type=\"application\/ld+json\" class=\"yoast-schema-graph\">{\"@context\":\"https:\\\/\\\/schema.org\",\"@graph\":[{\"@type\":\"WebPage\",\"@id\":\"https:\\\/\\\/www.chartreux-club.de\\\/fr\\\/chatons-disponibles\\\/\",\"url\":\"https:\\\/\\\/www.chartreux-club.de\\\/fr\\\/chatons-disponibles\\\/\",\"name\":\"Chatons disponibles - chartreux-club\",\"isPartOf\":{\"@id\":\"https:\\\/\\\/www.chartreux-club.de\\\/#website\"},\"primaryImageOfPage\":{\"@id\":\"https:\\\/\\\/www.chartreux-club.de\\\/fr\\\/chatons-disponibles\\\/#primaryimage\"},\"image\":{\"@id\":\"https:\\\/\\\/www.chartreux-club.de\\\/fr\\\/chatons-disponibles\\\/#primaryimage\"},\"thumbnailUrl\":\"https:\\\/\\\/www.chartreux-club.de\\\/wp-content\\\/uploads\\\/2019\\\/02\\\/Topf_sm-120x150.jpg\",\"datePublished\":\"2019-02-06T11:31:19+00:00\",\"dateModified\":\"2022-05-19T10:09:59+00:00\",\"breadcrumb\":{\"@id\":\"https:\\\/\\\/www.chartreux-club.de\\\/fr\\\/chatons-disponibles\\\/#breadcrumb\"},\"inLanguage\":\"fr-FR\",\"potentialAction\":[{\"@type\":\"ReadAction\",\"target\":[\"https:\\\/\\\/www.chartreux-club.de\\\/fr\\\/chatons-disponibles\\\/\"]}]},{\"@type\":\"ImageObject\",\"inLanguage\":\"fr-FR\",\"@id\":\"https:\\\/\\\/www.chartreux-club.de\\\/fr\\\/chatons-disponibles\\\/#primaryimage\",\"url\":\"https:\\\/\\\/www.chartreux-club.de\\\/wp-content\\\/uploads\\\/2019\\\/02\\\/Topf_sm-120x150.jpg\",\"contentUrl\":\"https:\\\/\\\/www.chartreux-club.de\\\/wp-content\\\/uploads\\\/2019\\\/02\\\/Topf_sm-120x150.jpg\"},{\"@type\":\"BreadcrumbList\",\"@id\":\"https:\\\/\\\/www.chartreux-club.de\\\/fr\\\/chatons-disponibles\\\/#breadcrumb\",\"itemListElement\":[{\"@type\":\"ListItem\",\"position\":1,\"name\":\"Startseite\",\"item\":\"https:\\\/\\\/www.chartreux-club.de\\\/fr\\\/\"},{\"@type\":\"ListItem\",\"position\":2,\"name\":\"Chatons disponibles\"}]},{\"@type\":\"WebSite\",\"@id\":\"https:\\\/\\\/www.chartreux-club.de\\\/#website\",\"url\":\"https:\\\/\\\/www.chartreux-club.de\\\/\",\"name\":\"chartreux-club\",\"description\":\"1. Deutsche Kart\u00e4userkatzen-CHA-Zuchtverein e.V. (1. DCHA e.V.)\",\"publisher\":{\"@id\":\"https:\\\/\\\/www.chartreux-club.de\\\/#organization\"},\"potentialAction\":[{\"@type\":\"SearchAction\",\"target\":{\"@type\":\"EntryPoint\",\"urlTemplate\":\"https:\\\/\\\/www.chartreux-club.de\\\/?s={search_term_string}\"},\"query-input\":{\"@type\":\"PropertyValueSpecification\",\"valueRequired\":true,\"valueName\":\"search_term_string\"}}],\"inLanguage\":\"fr-FR\"},{\"@type\":\"Organization\",\"@id\":\"https:\\\/\\\/www.chartreux-club.de\\\/#organization\",\"name\":\"1. Deutschen Kart\u00e4userkatzen-CHA-Zuchtverein e.V.\",\"url\":\"https:\\\/\\\/www.chartreux-club.de\\\/\",\"logo\":{\"@type\":\"ImageObject\",\"inLanguage\":\"fr-FR\",\"@id\":\"https:\\\/\\\/www.chartreux-club.de\\\/#\\\/schema\\\/logo\\\/image\\\/\",\"url\":\"https:\\\/\\\/www.chartreux-club.de\\\/wp-content\\\/uploads\\\/2019\\\/02\\\/1_DCHA.jpg\",\"contentUrl\":\"https:\\\/\\\/www.chartreux-club.de\\\/wp-content\\\/uploads\\\/2019\\\/02\\\/1_DCHA.jpg\",\"width\":180,\"height\":130,\"caption\":\"1. Deutschen Kart\u00e4userkatzen-CHA-Zuchtverein e.V.\"},\"image\":{\"@id\":\"https:\\\/\\\/www.chartreux-club.de\\\/#\\\/schema\\\/logo\\\/image\\\/\"}}]}<\/script>\n<!-- \/ Yoast SEO plugin. -->","yoast_head_json":{"title":"Chatons disponibles - chartreux-club","robots":{"index":"index","follow":"follow","max-snippet":"max-snippet:-1","max-image-preview":"max-image-preview:large","max-video-preview":"max-video-preview:-1"},"canonical":"https:\/\/www.chartreux-club.de\/fr\/chatons-disponibles\/","og_locale":"fr_FR","og_type":"article","og_title":"Chatons disponibles - chartreux-club","og_description":"Chatons disponibles S&rsquo;il vous pla\u00eet contactez-nous pour \u00eatre pr\u00e8s de chez vous ou appelez le bureau de la 1\u00e8re DCHA e.V., Tel .: 06123-63994. Les port\u00e9es et les juv\u00e9niles actuels proviennent des \u00e9leveurs suivants: (tri\u00e9 par code postal) \u00e9leveur Philipp Topf \u00ab\u00a0Von Topping\u00a0\u00bb Meilitzerstr. 7 07806 Neustadt\/Orla Mobil: 0152 07121357 philipp_topf@web.de www.chartreux-von-topping.webnode.com \u00e9leveur Violetta Berdan&hellip;","og_url":"https:\/\/www.chartreux-club.de\/fr\/chatons-disponibles\/","og_site_name":"chartreux-club","article_modified_time":"2022-05-19T10:09:59+00:00","og_image":[{"url":"https:\/\/www.chartreux-club.de\/wp-content\/uploads\/2019\/02\/Topf_sm-120x150.jpg","type":"","width":"","height":""}],"twitter_card":"summary_large_image","twitter_misc":{"Dur\u00e9e de lecture estim\u00e9e":"1 minute"},"schema":{"@context":"https:\/\/schema.org","@graph":[{"@type":"WebPage","@id":"https:\/\/www.chartreux-club.de\/fr\/chatons-disponibles\/","url":"https:\/\/www.chartreux-club.de\/fr\/chatons-disponibles\/","name":"Chatons disponibles - chartreux-club","isPartOf":{"@id":"https:\/\/www.chartreux-club.de\/#website"},"primaryImageOfPage":{"@id":"https:\/\/www.chartreux-club.de\/fr\/chatons-disponibles\/#primaryimage"},"image":{"@id":"https:\/\/www.chartreux-club.de\/fr\/chatons-disponibles\/#primaryimage"},"thumbnailUrl":"https:\/\/www.chartreux-club.de\/wp-content\/uploads\/2019\/02\/Topf_sm-120x150.jpg","datePublished":"2019-02-06T11:31:19+00:00","dateModified":"2022-05-19T10:09:59+00:00","breadcrumb":{"@id":"https:\/\/www.chartreux-club.de\/fr\/chatons-disponibles\/#breadcrumb"},"inLanguage":"fr-FR","potentialAction":[{"@type":"ReadAction","target":["https:\/\/www.chartreux-club.de\/fr\/chatons-disponibles\/"]}]},{"@type":"ImageObject","inLanguage":"fr-FR","@id":"https:\/\/www.chartreux-club.de\/fr\/chatons-disponibles\/#primaryimage","url":"https:\/\/www.chartreux-club.de\/wp-content\/uploads\/2019\/02\/Topf_sm-120x150.jpg","contentUrl":"https:\/\/www.chartreux-club.de\/wp-content\/uploads\/2019\/02\/Topf_sm-120x150.jpg"},{"@type":"BreadcrumbList","@id":"https:\/\/www.chartreux-club.de\/fr\/chatons-disponibles\/#breadcrumb","itemListElement":[{"@type":"ListItem","position":1,"name":"Startseite","item":"https:\/\/www.chartreux-club.de\/fr\/"},{"@type":"ListItem","position":2,"name":"Chatons disponibles"}]},{"@type":"WebSite","@id":"https:\/\/www.chartreux-club.de\/#website","url":"https:\/\/www.chartreux-club.de\/","name":"chartreux-club","description":"1. Deutsche Kart\u00e4userkatzen-CHA-Zuchtverein e.V. (1. DCHA e.V.)","publisher":{"@id":"https:\/\/www.chartreux-club.de\/#organization"},"potentialAction":[{"@type":"SearchAction","target":{"@type":"EntryPoint","urlTemplate":"https:\/\/www.chartreux-club.de\/?s={search_term_string}"},"query-input":{"@type":"PropertyValueSpecification","valueRequired":true,"valueName":"search_term_string"}}],"inLanguage":"fr-FR"},{"@type":"Organization","@id":"https:\/\/www.chartreux-club.de\/#organization","name":"1. Deutschen Kart\u00e4userkatzen-CHA-Zuchtverein e.V.","url":"https:\/\/www.chartreux-club.de\/","logo":{"@type":"ImageObject","inLanguage":"fr-FR","@id":"https:\/\/www.chartreux-club.de\/#\/schema\/logo\/image\/","url":"https:\/\/www.chartreux-club.de\/wp-content\/uploads\/2019\/02\/1_DCHA.jpg","contentUrl":"https:\/\/www.chartreux-club.de\/wp-content\/uploads\/2019\/02\/1_DCHA.jpg","width":180,"height":130,"caption":"1. Deutschen Kart\u00e4userkatzen-CHA-Zuchtverein e.V."},"image":{"@id":"https:\/\/www.chartreux-club.de\/#\/schema\/logo\/image\/"}}]}},"_links":{"self":[{"href":"https:\/\/www.chartreux-club.de\/fr\/wp-json\/wp\/v2\/pages\/528","targetHints":{"allow":["GET"]}}],"collection":[{"href":"https:\/\/www.chartreux-club.de\/fr\/wp-json\/wp\/v2\/pages"}],"about":[{"href":"https:\/\/www.chartreux-club.de\/fr\/wp-json\/wp\/v2\/types\/page"}],"author":[{"embeddable":true,"href":"https:\/\/www.chartreux-club.de\/fr\/wp-json\/wp\/v2\/users\/1"}],"replies":[{"embeddable":true,"href":"https:\/\/www.chartreux-club.de\/fr\/wp-json\/wp\/v2\/comments?post=528"}],"version-history":[{"count":12,"href":"https:\/\/www.chartreux-club.de\/fr\/wp-json\/wp\/v2\/pages\/528\/revisions"}],"predecessor-version":[{"id":946,"href":"https:\/\/www.chartreux-club.de\/fr\/wp-json\/wp\/v2\/pages\/528\/revisions\/946"}],"wp:attachment":[{"href":"https:\/\/www.chartreux-club.de\/fr\/wp-json\/wp\/v2\/media?parent=528"}],"curies":[{"name":"wp","href":"https:\/\/api.w.org\/{rel}","templated":true}]}}